{"id":1376,"date":"2020-09-17T07:31:09","date_gmt":"2020-09-17T07:31:09","guid":{"rendered":"http:\/\/www.eerys-corporate.com\/index.php\/home\/"},"modified":"2024-09-23T02:53:11","modified_gmt":"2024-09-23T00:53:11","slug":"home","status":"publish","type":"page","link":"https:\/\/www.eerys-corporate.com\/","title":{"rendered":"Home"},"content":{"rendered":"\n<div class=\"wp-block-uagb-container uagb-block-31ee15c0 alignfull uagb-is-root-container\"><div class=\"uagb-container__shape uagb-container__shape-bottom uagb-container__invert\" data-negative=\"false\"><svg xmlns=\"https:\/\/www.w3.org\/2000\/svg\" viewBox=\"0 0 283.5 27.8\" preserveAspectRatio=\"none\"><path class=\"uagb-container__shape-fill\" d=\"M283.5,9.7c0,0-7.3,4.3-14,4.6c-6.8,0.3-12.6,0-20.9-1.5c-11.3-2-33.1-10.1-44.7-5.7\ts-12.1,4.6-18,7.4c-6.6,3.2-20,9.6-36.6,9.3C131.6,23.5,99.5,7.2,86.3,8c-1.4,0.1-6.6,0.8-10.5,2c-3.8,1.2-9.4,3.8-17,4.7\tc-3.2,0.4-8.3,1.1-14.2,0.9c-1.5-0.1-6.3-0.4-12-1.6c-5.7-1.2-11-3.1-15.8-3.7C6.5,9.2,0,10.8,0,10.8V0h283.5V9.7z M260.8,11.3\tc-0.7-1-2-0.4-4.3-0.4c-2.3,0-6.1-1.2-5.8-1.1c0.3,0.1,3.1,1.5,6,1.9C259.7,12.2,261.4,12.3,260.8,11.3z M242.4,8.6\tc0,0-2.4-0.2-5.6-0.9c-3.2-0.8-10.3-2.8-15.1-3.5c-8.2-1.1-15.8,0-15.1,0.1c0.8,0.1,9.6-0.6,17.6,1.1c3.3,0.7,9.3,2.2,12.4,2.7\tC239.9,8.7,242.4,8.6,242.4,8.6z M185.2,8.5c1.7-0.7-13.3,4.7-18.5,6.1c-2.1,0.6-6.2,1.6-10,2c-3.9,0.4-8.9,0.4-8.8,0.5\tc0,0.2,5.8,0.8,11.2,0c5.4-0.8,5.2-1.1,7.6-1.6C170.5,14.7,183.5,9.2,185.2,8.5z M199.1,6.9c0.2,0-0.8-0.4-4.8,1.1\tc-4,1.5-6.7,3.5-6.9,3.7c-0.2,0.1,3.5-1.8,6.6-3C197,7.5,199,6.9,199.1,6.9z M283,6c-0.1,0.1-1.9,1.1-4.8,2.5s-6.9,2.8-6.7,2.7\tc0.2,0,3.5-0.6,7.4-2.5C282.8,6.8,283.1,5.9,283,6z M31.3,11.6c0.1-0.2-1.9-0.2-4.5-1.2s-5.4-1.6-7.8-2C15,7.6,7.3,8.5,7.7,8.6\tC8,8.7,15.9,8.3,20.2,9.3c2.2,0.5,2.4,0.5,5.7,1.6S31.2,11.9,31.3,11.6z M73,9.2c0.4-0.1,3.5-1.6,8.4-2.6c4.9-1.1,8.9-0.5,8.9-0.8\tc0-0.3-1-0.9-6.2-0.3S72.6,9.3,73,9.2z M71.6,6.7C71.8,6.8,75,5.4,77.3,5c2.3-0.3,1.9-0.5,1.9-0.6c0-0.1-1.1-0.2-2.7,0.2\tC74.8,5.1,71.4,6.6,71.6,6.7z M93.6,4.4c0.1,0.2,3.5,0.8,5.6,1.8c2.1,1,1.8,0.6,1.9,0.5c0.1-0.1-0.8-0.8-2.4-1.3\tC97.1,4.8,93.5,4.2,93.6,4.4z M65.4,11.1c-0.1,0.3,0.3,0.5,1.9-0.2s2.6-1.3,2.2-1.2s-0.9,0.4-2.5,0.8C65.3,10.9,65.5,10.8,65.4,11.1\tz M34.5,12.4c-0.2,0,2.1,0.8,3.3,0.9c1.2,0.1,2,0.1,2-0.2c0-0.3-0.1-0.5-1.6-0.4C36.6,12.8,34.7,12.4,34.5,12.4z M152.2,21.1\tc-0.1,0.1-2.4-0.3-7.5-0.3c-5,0-13.6-2.4-17.2-3.5c-3.6-1.1,10,3.9,16.5,4.1C150.5,21.6,152.3,21,152.2,21.1z\"><\/path><path class=\"uagb-container__shape-fill\" d=\"M269.6,18c-0.1-0.1-4.6,0.3-7.2,0c-7.3-0.7-17-3.2-16.6-2.9c0.4,0.3,13.7,3.1,17,3.3\tC267.7,18.8,269.7,18,269.6,18z\"><\/path><path class=\"uagb-container__shape-fill\" d=\"M227.4,9.8c-0.2-0.1-4.5-1-9.5-1.2c-5-0.2-12.7,0.6-12.3,0.5c0.3-0.1,5.9-1.8,13.3-1.2\tS227.6,9.9,227.4,9.8z\"><\/path><path class=\"uagb-container__shape-fill\" d=\"M204.5,13.4c-0.1-0.1,2-1,3.2-1.1c1.2-0.1,2,0,2,0.3c0,0.3-0.1,0.5-1.6,0.4\tC206.4,12.9,204.6,13.5,204.5,13.4z\"><\/path><path class=\"uagb-container__shape-fill\" d=\"M201,10.6c0-0.1-4.4,1.2-6.3,2.2c-1.9,0.9-6.2,3.1-6.1,3.1c0.1,0.1,4.2-1.6,6.3-2.6\tS201,10.7,201,10.6z\"><\/path><path class=\"uagb-container__shape-fill\" d=\"M154.5,26.7c-0.1-0.1-4.6,0.3-7.2,0c-7.3-0.7-17-3.2-16.6-2.9c0.4,0.3,13.7,3.1,17,3.3\tC152.6,27.5,154.6,26.8,154.5,26.7z\"><\/path><path class=\"uagb-container__shape-fill\" d=\"M41.9,19.3c0,0,1.2-0.3,2.9-0.1c1.7,0.2,5.8,0.9,8.2,0.7c4.2-0.4,7.4-2.7,7-2.6\tc-0.4,0-4.3,2.2-8.6,1.9c-1.8-0.1-5.1-0.5-6.7-0.4S41.9,19.3,41.9,19.3z\"><\/path><path class=\"uagb-container__shape-fill\" d=\"M75.5,12.6c0.2,0.1,2-0.8,4.3-1.1c2.3-0.2,2.1-0.3,2.1-0.5c0-0.1-1.8-0.4-3.4,0\tC76.9,11.5,75.3,12.5,75.5,12.6z\"><\/path><path class=\"uagb-container__shape-fill\" d=\"M15.6,13.2c0-0.1,4.3,0,6.7,0.5c2.4,0.5,5,1.9,5,2c0,0.1-2.7-0.8-5.1-1.4\tC19.9,13.7,15.7,13.3,15.6,13.2z\"><\/path><\/svg><\/div><div class=\"uagb-container-inner-blocks-wrap\">\n<div class=\"wp-block-uagb-advanced-heading uagb-block-322cd885\"><h4 class=\"uagb-heading-text\">Vos projets, vos objectifs, notre expertise<\/h4><\/div>\n<\/div><\/div>\n\n\n\n<div class=\"wp-block-uagb-container uagb-block-524f4145 alignfull uagb-is-root-container\"><div class=\"uagb-container-inner-blocks-wrap\">\n<div class=\"wp-block-uagb-container uagb-block-36a6607e\">\n<div class=\"wp-block-uagb-info-box uagb-block-a30d8e93 uagb-infobox__content-wrap  uagb-infobox-icon-above-title uagb-infobox-image-valign-top\"><div class=\"uagb-ifb-content\"><div class=\"uagb-ifb-title-wrap\"><h2 class=\"uagb-ifb-title\">Exp\u00e9rimentez l&rsquo;Excellence Pragmatique<\/h2><\/div><\/div><\/div>\n\n\n\n<p class=\"has-text-align-justify\" style=\"font-size:20px\">D\u00e9couvrez l\u2019exp\u00e9rience unique propos\u00e9e par EERYS CORPORATE, une soci\u00e9t\u00e9 de conseil sp\u00e9cialis\u00e9e dans les m\u00e9tiers de l\u2019IT et du Management de projets. Nous privil\u00e9gions une approche alliant performance et pragmatisme, avec une vision atypique de l\u2019entreprise ax\u00e9e sur la croissance de nos clients, partenaires et consultants. Explorez une nouvelle exp\u00e9rience gr\u00e2ce \u00e0 EERYS CORPORATE.<\/p>\n\n\n\n<div class=\"wp-block-uagb-buttons uagb-buttons__outer-wrap uagb-btn__default-btn uagb-btn-tablet__default-btn uagb-btn-mobile__default-btn uagb-block-578d8b31\"><div class=\"uagb-buttons__wrap uagb-buttons-layout-wrap\">\n<div class=\"wp-block-uagb-buttons-child uagb-buttons__outer-wrap uagb-block-7f5c8ce5 wp-block-button\"><div class=\"uagb-button__wrapper\"><a class=\"uagb-buttons-repeater wp-block-button__link\" href=\"https:\/\/www.eerys-corporate.com\/index.php\/contact\/\" onclick=\"return true;\" rel=\"follow noopener\" target=\"_self\"><div class=\"uagb-button__link\">TRAVAILLONS ENSEMBLE !<\/div><\/a><\/div><\/div>\n<\/div><\/div>\n<\/div>\n\n\n\n<div class=\"wp-block-uagb-container uagb-block-49278993\">\n<div class=\"wp-block-uagb-image uagb-block-c37d205e wp-block-uagb-image--layout-default wp-block-uagb-image--effect-static wp-block-uagb-image--align-none\"><figure class=\"wp-block-uagb-image__figure\"><img decoding=\"async\" srcset=\"https:\/\/www.eerys-corporate.com\/wp-content\/uploads\/2023\/08\/iStock-1255557155-1024x576.jpg \" sizes=\"auto, (max-width: 480px) 150px\" src=\"https:\/\/www.eerys-corporate.com\/wp-content\/uploads\/2023\/08\/iStock-1255557155-1024x576.jpg\" alt=\"\" class=\"uag-image-2411\" width=\"1024\" height=\"338\" title=\"\" loading=\"lazy\"\/><\/figure><\/div>\n<\/div>\n<\/div><\/div>\n\n\n\n<div class=\"wp-block-uagb-container uagb-block-656c97d2 alignfull uagb-is-root-container\"><div class=\"uagb-container-inner-blocks-wrap\">\n<div class=\"wp-block-uagb-advanced-heading uagb-block-1db31719\"><h2 class=\"uagb-heading-text\">Nos M\u00e9tiers<\/h2><div class=\"uagb-separator\"><\/div><p class=\"uagb-desc-text\">D\u00e9couvrez notre gamme compl\u00e8te de services pour soutenir votre entreprise dans sa croissance et son d\u00e9veloppement .<\/p><\/div>\n\n\n\n<div class=\"wp-block-uagb-container uagb-block-eb1bc9cf\">\n<div class=\"wp-block-uagb-container uagb-block-9f6cfa3f\">\n<div class=\"wp-block-uagb-info-box uagb-block-79d11d3e uagb-infobox__content-wrap  uagb-infobox-icon-above-title uagb-infobox-image-valign-top\"><div class=\"uagb-ifb-content\"><div class=\"uagb-ifb-icon-wrap\"><svg xmlns=\"https:\/\/www.w3.org\/2000\/svg\" viewBox=\"0 0 576 512\"><path d=\"M287.1 0C305.7 0 320 14.33 320 32V160C320 177.7 305.7 192 287.1 192C270.3 192 255.1 177.7 255.1 160V109.3L54.63 310.6C42.13 323.1 21.87 323.1 9.372 310.6C-3.124 298.1-3.124 277.9 9.372 265.4L210.7 64H159.1C142.3 64 127.1 49.67 127.1 32C127.1 14.33 142.3 0 159.1 0H287.1zM576 80C576 106.5 554.5 128 528 128C501.5 128 480 106.5 480 80C480 53.49 501.5 32 528 32C554.5 32 576 53.49 576 80zM448 208C448 234.5 426.5 256 400 256C373.5 256 352 234.5 352 208C352 181.5 373.5 160 400 160C426.5 160 448 181.5 448 208zM352 336C352 309.5 373.5 288 400 288C426.5 288 448 309.5 448 336C448 362.5 426.5 384 400 384C373.5 384 352 362.5 352 336zM448 464C448 490.5 426.5 512 400 512C373.5 512 352 490.5 352 464C352 437.5 373.5 416 400 416C426.5 416 448 437.5 448 464zM576 464C576 490.5 554.5 512 528 512C501.5 512 480 490.5 480 464C480 437.5 501.5 416 528 416C554.5 416 576 437.5 576 464zM223.1 336C223.1 309.5 245.5 288 271.1 288C298.5 288 320 309.5 320 336C320 362.5 298.5 384 271.1 384C245.5 384 223.1 362.5 223.1 336zM320 464C320 490.5 298.5 512 271.1 512C245.5 512 223.1 490.5 223.1 464C223.1 437.5 245.5 416 271.1 416C298.5 416 320 437.5 320 464zM95.1 464C95.1 437.5 117.5 416 143.1 416C170.5 416 191.1 437.5 191.1 464C191.1 490.5 170.5 512 143.1 512C117.5 512 95.1 490.5 95.1 464zM576 336C576 362.5 554.5 384 528 384C501.5 384 480 362.5 480 336C480 309.5 501.5 288 528 288C554.5 288 576 309.5 576 336zM480 208C480 181.5 501.5 160 528 160C554.5 160 576 181.5 576 208C576 234.5 554.5 256 528 256C501.5 256 480 234.5 480 208z\"><\/path><\/svg><\/div><div class=\"uagb-ifb-title-wrap\"><h3 class=\"uagb-ifb-title\">Management de projet<\/h3><\/div><\/div><\/div>\n\n\n\n<p class=\"has-text-align-justify\" style=\"font-size:18px\">Nous proposons un accompagnement complet en gestion de projets innovant.<\/p>\n<\/div>\n\n\n\n<div class=\"wp-block-uagb-container uagb-block-88706286\">\n<div class=\"wp-block-uagb-info-box uagb-block-5788f21a uagb-infobox__content-wrap  uagb-infobox-icon-above-title uagb-infobox-image-valign-top\"><div class=\"uagb-ifb-content\"><div class=\"uagb-ifb-icon-wrap\"><svg xmlns=\"https:\/\/www.w3.org\/2000\/svg\" viewBox=\"0 0 512 512\"><path d=\"M191.1 224c0-17.72-14.34-32.04-32-32.04L144 192c-35.34 0-64 28.66-64 64.08v47.79C80 339.3 108.7 368 144 368H160c17.66 0 32-14.36 32-32.06L191.1 224zM256 0C112.9 0 4.583 119.1 .0208 256L0 296C0 309.3 10.75 320 23.1 320S48 309.3 48 296V256c0-114.7 93.34-207.8 208-207.8C370.7 48.2 464 141.3 464 256v144c0 22.09-17.91 40-40 40h-110.7C305 425.7 289.7 416 272 416H241.8c-23.21 0-44.5 15.69-48.87 38.49C187 485.2 210.4 512 239.1 512H272c17.72 0 33.03-9.711 41.34-24H424c48.6 0 88-39.4 88-88V256C507.4 119.1 399.1 0 256 0zM368 368c35.34 0 64-28.7 64-64.13V256.1C432 220.7 403.3 192 368 192l-16 0c-17.66 0-32 14.34-32 32.04L320 335.9C320 353.7 334.3 368 352 368H368z\"><\/path><\/svg><\/div><div class=\"uagb-ifb-title-wrap\"><h3 class=\"uagb-ifb-title\">Assistance technique<\/h3><\/div><\/div><\/div>\n\n\n\n<p class=\"has-text-align-justify\" style=\"font-size:18px\">Nous \u00e9tudions votre probl\u00e9matique en prenant en compte votre budget.<\/p>\n<\/div>\n\n\n\n<div class=\"wp-block-uagb-container uagb-block-d9b99a68\">\n<div class=\"wp-block-uagb-info-box uagb-block-e59f7571 uagb-infobox__content-wrap  uagb-infobox-icon-above-title uagb-infobox-image-valign-top\"><div class=\"uagb-ifb-content\"><div class=\"uagb-ifb-icon-wrap\"><svg xmlns=\"https:\/\/www.w3.org\/2000\/svg\" viewBox=\"0 0 512 512\"><path d=\"M224 256C224 238.3 238.3 224 256 224C273.7 224 288 238.3 288 256C288 273.7 273.7 288 256 288C238.3 288 224 273.7 224 256zM256 0C273.7 0 288 14.33 288 32V42.35C381.7 56.27 455.7 130.3 469.6 224H480C497.7 224 512 238.3 512 256C512 273.7 497.7 288 480 288H469.6C455.7 381.7 381.7 455.7 288 469.6V480C288 497.7 273.7 512 256 512C238.3 512 224 497.7 224 480V469.6C130.3 455.7 56.27 381.7 42.35 288H32C14.33 288 0 273.7 0 256C0 238.3 14.33 224 32 224H42.35C56.27 130.3 130.3 56.27 224 42.35V32C224 14.33 238.3 0 256 0V0zM224 404.6V384C224 366.3 238.3 352 256 352C273.7 352 288 366.3 288 384V404.6C346.3 392.1 392.1 346.3 404.6 288H384C366.3 288 352 273.7 352 256C352 238.3 366.3 224 384 224H404.6C392.1 165.7 346.3 119.9 288 107.4V128C288 145.7 273.7 160 256 160C238.3 160 224 145.7 224 128V107.4C165.7 119.9 119.9 165.7 107.4 224H128C145.7 224 160 238.3 160 256C160 273.7 145.7 288 128 288H107.4C119.9 346.3 165.7 392.1 224 404.6z\"><\/path><\/svg><\/div><div class=\"uagb-ifb-title-wrap\"><h3 class=\"uagb-ifb-title\">Recrutement IT<\/h3><\/div><\/div><\/div>\n\n\n\n<p class=\"has-text-align-justify\" style=\"font-size:18px\">Nos charg\u00e9s de recrutement \u00e9tudierons votre recherche afin de d\u00e9nicher les talents qui compl\u00e9teront vos \u00e9quipes.<\/p>\n<\/div>\n\n\n\n<div class=\"wp-block-uagb-container uagb-block-b9e28e57\">\n<div class=\"wp-block-uagb-info-box uagb-block-20f8c00a uagb-infobox__content-wrap  uagb-infobox-icon-above-title uagb-infobox-image-valign-top\"><div class=\"uagb-ifb-content\"><div class=\"uagb-ifb-icon-wrap\"><svg xmlns=\"https:\/\/www.w3.org\/2000\/svg\" viewBox=\"0 0 512 512\"><path d=\"M0 219.2v212.5c0 14.25 11.62 26.25 26.5 27C75.32 461.2 180.2 471.3 240 511.9V245.2C181.4 205.5 79.99 194.8 29.84 192C13.59 191.1 0 203.6 0 219.2zM482.2 192c-50.09 2.848-151.3 13.47-209.1 53.09C272.1 245.2 272 245.3 272 245.5v266.5c60.04-40.39 164.7-50.76 213.5-53.28C500.4 457.9 512 445.9 512 431.7V219.2C512 203.6 498.4 191.1 482.2 192zM352 96c0-53-43-96-96-96S160 43 160 96s43 96 96 96S352 149 352 96z\"><\/path><\/svg><\/div><div class=\"uagb-ifb-title-wrap\"><h3 class=\"uagb-ifb-title\">Formation<\/h3><\/div><\/div><\/div>\n\n\n\n<p class=\"has-text-align-justify\" style=\"margin-top:37px;margin-right:0px;margin-bottom:0px;margin-left:0px;font-size:18px\">EERYS CORPORATE forme vos \u00e9quipes en gestion de projet ou toute autre comp\u00e9tence technique que vous souhaitez acqu\u00e9rir.<\/p>\n<\/div>\n<\/div>\n\n\n\n<div class=\"wp-block-uagb-buttons uagb-buttons__outer-wrap uagb-btn__default-btn uagb-btn-tablet__default-btn uagb-btn-mobile__default-btn uagb-block-6d6fbd38\"><div class=\"uagb-buttons__wrap uagb-buttons-layout-wrap\">\n<div class=\"wp-block-uagb-buttons-child uagb-buttons__outer-wrap uagb-block-40b13a04 wp-block-button\"><div class=\"uagb-button__wrapper\"><a class=\"uagb-buttons-repeater wp-block-button__link\" href=\"\/\/www.eerys-corporate.com\/index.php\/sevices\/\" onclick=\"return true;\" rel=\"follow noopener\" target=\"_self\"><div class=\"uagb-button__link\">EN SAVOIR PLUS<\/div><\/a><\/div><\/div>\n<\/div><\/div>\n<\/div><\/div>\n\n\n\n<div class=\"wp-block-uagb-container uagb-block-c412067d alignfull uagb-is-root-container\"><div class=\"uagb-container-inner-blocks-wrap\">\n<div class=\"wp-block-uagb-container uagb-block-1d99a15b\">\n<div class=\"wp-block-uagb-image aligncenter uagb-block-8c42352a wp-block-uagb-image--layout-default wp-block-uagb-image--effect-grayscale wp-block-uagb-image--align-center\"><figure class=\"wp-block-uagb-image__figure\"><img decoding=\"async\" srcset=\"https:\/\/www.eerys-corporate.com\/wp-content\/uploads\/2023\/07\/riad.jpeg \" sizes=\"auto, (max-width: 480px) 150px\" src=\"https:\/\/www.eerys-corporate.com\/wp-content\/uploads\/2023\/07\/riad.jpeg\" alt=\"\" class=\"uag-image-1993\" width=\"247\" height=\"80\" title=\"\" loading=\"lazy\"\/><\/figure><\/div>\n<\/div>\n\n\n\n<div class=\"wp-block-uagb-container uagb-block-1f4a1c6d\">\n<div class=\"wp-block-uagb-advanced-heading uagb-block-a125e317\"><h4 class=\"uagb-heading-text\">Riad ACHOUR, CEO &amp; founder<\/h4><\/div>\n\n\n\n<div class=\"wp-block-uagb-info-box uagb-block-f6bf2c76 uagb-infobox__content-wrap  uagb-infobox-icon-above-title uagb-infobox-image-valign-top\"><div class=\"uagb-ifb-content\"><div class=\"uagb-ifb-title-wrap\"><h2 class=\"uagb-ifb-title\">L\u00e0 o\u00f9 tout a commenc\u00e9&#8230;<\/h2><\/div><div class=\"uagb-ifb-separator\"><\/div><\/div><\/div>\n\n\n\n<p class=\"has-text-align-justify\" style=\"font-size:18px\">Riad ACHOUR est initialement un sp\u00e9cialiste du Marketing produits et services. Il est le fondateur et le pr\u00e9sident de EERYS CORPORATE, soci\u00e9t\u00e9 de conseil et accompagnement en gestion de projets innovants, la formation et le recrutement.<\/p>\n\n\n\n<div class=\"wp-block-uagb-buttons uagb-buttons__outer-wrap uagb-btn__default-btn uagb-btn-tablet__default-btn uagb-btn-mobile__default-btn uagb-block-fd92cd2f\"><div class=\"uagb-buttons__wrap uagb-buttons-layout-wrap\">\n<div class=\"wp-block-uagb-buttons-child uagb-buttons__outer-wrap uagb-block-09d4b7d7 wp-block-button\"><div class=\"uagb-button__wrapper\"><a class=\"uagb-buttons-repeater wp-block-button__link\" href=\"\/\/www.eerys-corporate.com\/index.php\/about\/\" onclick=\"return true;\" rel=\"follow noopener\" target=\"_self\"><div class=\"uagb-button__link\">EN SAVOIR PLUS<\/div><\/a><\/div><\/div>\n<\/div><\/div>\n<\/div>\n<\/div><\/div>\n","protected":false},"excerpt":{"rendered":"<p>Vos projets, vos objectifs, notre expertise D\u00e9couvrez l\u2019exp\u00e9rience unique propos\u00e9e par EERYS CORPORATE, une soci\u00e9t\u00e9 de conseil sp\u00e9cialis\u00e9e dans les m\u00e9tiers de l\u2019IT et du Management de projets. Nous privil\u00e9gions une approche alliant performance et pragmatisme, avec une vision atypique de l\u2019entreprise ax\u00e9e sur la croissance de nos clients, partenaires et consultants. Explorez une nouvelle &hellip;<\/p>\n<p class=\"read-more\"> <a class=\"\" href=\"https:\/\/www.eerys-corporate.com\/\"> <span class=\"screen-reader-text\">Home<\/span> Lire la suite\u00a0\u00bb<\/a><\/p>\n","protected":false},"author":1,"featured_media":0,"parent":0,"menu_order":0,"comment_status":"closed","ping_status":"closed","template":"","meta":{"_editorskit_title_hidden":false,"_editorskit_reading_time":0,"_editorskit_is_block_options_detached":false,"_editorskit_block_options_position":"{}","_uag_custom_page_level_css":"","site-sidebar-layout":"no-sidebar","site-content-layout":"plain-container","ast-global-header-display":"","ast-banner-title-visibility":"","ast-main-header-display":"","ast-hfb-above-header-display":"","ast-hfb-below-header-display":"","ast-hfb-mobile-header-display":"","site-post-title":"disabled","ast-breadcrumbs-content":"","ast-featured-img":"disabled","footer-sml-layout":"","theme-transparent-header-meta":"default","adv-header-id-meta":"","stick-header-meta":"","header-above-stick-meta":"","header-main-stick-meta":"","header-below-stick-meta":"","footnotes":""},"class_list":["post-1376","page","type-page","status-publish","hentry"],"uagb_featured_image_src":{"full":false,"thumbnail":false,"medium":false,"medium_large":false,"large":false,"1536x1536":false,"2048x2048":false,"woocommerce_thumbnail":false,"woocommerce_single":false,"woocommerce_gallery_thumbnail":false},"uagb_author_info":{"display_name":"achour_riad","author_link":"https:\/\/www.eerys-corporate.com\/index.php\/author\/achour_riad\/"},"uagb_comment_info":0,"uagb_excerpt":"Vos projets, vos objectifs, notre expertise D\u00e9couvrez l\u2019exp\u00e9rience unique propos\u00e9e par EERYS CORPORATE, une soci\u00e9t\u00e9 de conseil sp\u00e9cialis\u00e9e dans les m\u00e9tiers de l\u2019IT et du Management de projets. Nous privil\u00e9gions une approche alliant performance et pragmatisme, avec une vision atypique de l\u2019entreprise ax\u00e9e sur la croissance de nos clients, partenaires et consultants. Explorez une nouvelle\u2026","_links":{"self":[{"href":"https:\/\/www.eerys-corporate.com\/index.php\/wp-json\/wp\/v2\/pages\/1376","targetHints":{"allow":["GET"]}}],"collection":[{"href":"https:\/\/www.eerys-corporate.com\/index.php\/wp-json\/wp\/v2\/pages"}],"about":[{"href":"https:\/\/www.eerys-corporate.com\/index.php\/wp-json\/wp\/v2\/types\/page"}],"author":[{"embeddable":true,"href":"https:\/\/www.eerys-corporate.com\/index.php\/wp-json\/wp\/v2\/users\/1"}],"replies":[{"embeddable":true,"href":"https:\/\/www.eerys-corporate.com\/index.php\/wp-json\/wp\/v2\/comments?post=1376"}],"version-history":[{"count":77,"href":"https:\/\/www.eerys-corporate.com\/index.php\/wp-json\/wp\/v2\/pages\/1376\/revisions"}],"predecessor-version":[{"id":2521,"href":"https:\/\/www.eerys-corporate.com\/index.php\/wp-json\/wp\/v2\/pages\/1376\/revisions\/2521"}],"wp:attachment":[{"href":"https:\/\/www.eerys-corporate.com\/index.php\/wp-json\/wp\/v2\/media?parent=1376"}],"curies":[{"name":"wp","href":"https:\/\/api.w.org\/{rel}","templated":true}]}}